{"id":37,"date":"2021-01-07T18:06:37","date_gmt":"2021-01-07T18:06:37","guid":{"rendered":"https:\/\/quiz.cyber-coaching.be\/?page_id=37"},"modified":"2023-08-24T11:02:17","modified_gmt":"2023-08-24T11:02:17","slug":"quiz","status":"publish","type":"page","link":"https:\/\/quiz.cyber-coaching.be\/fr\/","title":{"rendered":"Quiz"},"content":{"rendered":"<h1 style=\"text-align: center;\"><strong>Quel niveau de s\u00e9curit\u00e9 num\u00e9rique pensez-vous avoir ?<\/strong><\/h1>\n<p>&nbsp;<\/p>\n<p><img loading=\"lazy\" decoding=\"async\" class=\"aligncenter wp-image-695\" src=\"https:\/\/quiz.cyber-coaching.be\/wp-content\/uploads\/2023\/03\/level-questionmark-1024x900.png\" alt=\"\" width=\"450\" height=\"396\" srcset=\"https:\/\/quiz.cyber-coaching.be\/wp-content\/uploads\/2023\/03\/level-questionmark-1024x900.png 1024w, https:\/\/quiz.cyber-coaching.be\/wp-content\/uploads\/2023\/03\/level-questionmark-300x264.png 300w, https:\/\/quiz.cyber-coaching.be\/wp-content\/uploads\/2023\/03\/level-questionmark-768x675.png 768w, https:\/\/quiz.cyber-coaching.be\/wp-content\/uploads\/2023\/03\/level-questionmark.png 1500w\" sizes=\"auto, (max-width: 450px) 100vw, 450px\" \/><\/p>\n<h2><\/h2>\n<p>&nbsp;<\/p>\n<h3 style=\"text-align: center;\"><span style=\"color: #ff0000;\"><strong>&gt;&gt; <a style=\"color: #ff0000;\" href=\"https:\/\/quiz.cyber-coaching.be\/fr\/pre-formation\/\">Quiz : Cybers\u00e9curit\u00e9<\/a> &lt;&lt;<\/strong><\/span><\/h3>\n<p>&nbsp;<\/p>\n<h3 style=\"text-align: center;\"><span style=\"color: #ff0000;\"><strong>&gt;&gt; <a style=\"color: #ff0000;\" href=\"https:\/\/quiz.cyber-coaching.be\/post-formation\/\">Certification<\/a> &lt;&lt;<\/strong><\/span><\/h3>\n","protected":false},"excerpt":{"rendered":"<p>Quel niveau de s\u00e9curit\u00e9 num\u00e9rique pensez-vous avoir ? &nbsp; &nbsp; &gt;&gt; Quiz : Cybers\u00e9curit\u00e9 &lt;&lt; &nbsp; &gt;&gt; Certification &lt;&lt;<\/p>\n","protected":false},"author":1,"featured_media":0,"parent":0,"menu_order":0,"comment_status":"closed","ping_status":"closed","template":"fullwidth-template.php","meta":{"footnotes":""},"class_list":["post-37","page","type-page","status-publish","hentry"],"_links":{"self":[{"href":"https:\/\/quiz.cyber-coaching.be\/fr\/wp-json\/wp\/v2\/pages\/37","targetHints":{"allow":["GET"]}}],"collection":[{"href":"https:\/\/quiz.cyber-coaching.be\/fr\/wp-json\/wp\/v2\/pages"}],"about":[{"href":"https:\/\/quiz.cyber-coaching.be\/fr\/wp-json\/wp\/v2\/types\/page"}],"author":[{"embeddable":true,"href":"https:\/\/quiz.cyber-coaching.be\/fr\/wp-json\/wp\/v2\/users\/1"}],"replies":[{"embeddable":true,"href":"https:\/\/quiz.cyber-coaching.be\/fr\/wp-json\/wp\/v2\/comments?post=37"}],"version-history":[{"count":7,"href":"https:\/\/quiz.cyber-coaching.be\/fr\/wp-json\/wp\/v2\/pages\/37\/revisions"}],"predecessor-version":[{"id":752,"href":"https:\/\/quiz.cyber-coaching.be\/fr\/wp-json\/wp\/v2\/pages\/37\/revisions\/752"}],"wp:attachment":[{"href":"https:\/\/quiz.cyber-coaching.be\/fr\/wp-json\/wp\/v2\/media?parent=37"}],"curies":[{"name":"wp","href":"https:\/\/api.w.org\/{rel}","templated":true}]}}